{"id":172,"date":"2022-06-28T21:17:54","date_gmt":"2022-06-28T19:17:54","guid":{"rendered":"http:\/\/orasetz.cluster029.hosting.ovh.net\/?page_id=172"},"modified":"2023-03-09T12:13:10","modified_gmt":"2023-03-09T11:13:10","slug":"bijoux","status":"publish","type":"page","link":"http:\/\/orasetz.cluster029.hosting.ovh.net\/index.php\/bijoux\/","title":{"rendered":"Bijoux"},"content":{"rendered":"\n<p>Cliquer sur les photos pour les voir en meilleure qualit\u00e9&#8230;<\/p>\n\n\n\n<p><\/p>\n\n\n\n<figure class=\"wp-block-gallery has-nested-images columns-default is-cropped wp-block-gallery-1 is-layout-flex wp-block-gallery-is-layout-flex\">\n<figure class=\"wp-block-image size-medium\"><a href=\"http:\/\/orasetz.cluster029.hosting.ovh.net\/index.php\/bijoux\/exif_jpeg_420-36\/\"><img loading=\"lazy\" decoding=\"async\" width=\"1180\" height=\"1020\" data-id=\"345\" src=\"http:\/\/orasetz.cluster029.hosting.ovh.net\/wp-content\/uploads\/2022\/07\/bijoux.jpg\" alt=\"\" class=\"wp-image-345\" srcset=\"http:\/\/orasetz.cluster029.hosting.ovh.net\/wp-content\/uploads\/2022\/07\/bijoux.jpg 1180w, http:\/\/orasetz.cluster029.hosting.ovh.net\/wp-content\/uploads\/2022\/07\/bijoux-300x259.jpg 300w, http:\/\/orasetz.cluster029.hosting.ovh.net\/wp-content\/uploads\/2022\/07\/bijoux-1024x885.jpg 1024w, http:\/\/orasetz.cluster029.hosting.ovh.net\/wp-content\/uploads\/2022\/07\/bijoux-768x664.jpg 768w\" sizes=\"auto, (max-width: 1180px) 100vw, 1180px\" \/><\/a><figcaption class=\"wp-element-caption\">Exif_JPEG_420<\/figcaption><\/figure>\n\n\n\n<figure class=\"wp-block-image size-medium\"><a href=\"http:\/\/orasetz.cluster029.hosting.ovh.net\/index.php\/galerie-photo\/img_20220520_103153\/\"><img loading=\"lazy\" decoding=\"async\" width=\"225\" height=\"300\" data-id=\"140\" src=\"http:\/\/orasetz.cluster029.hosting.ovh.net\/wp-content\/uploads\/2022\/06\/IMG_20220520_103153-225x300.jpg\" alt=\"\" class=\"wp-image-140\" srcset=\"http:\/\/orasetz.cluster029.hosting.ovh.net\/wp-content\/uploads\/2022\/06\/IMG_20220520_103153-225x300.jpg 225w, http:\/\/orasetz.cluster029.hosting.ovh.net\/wp-content\/uploads\/2022\/06\/IMG_20220520_103153-768x1024.jpg 768w, http:\/\/orasetz.cluster029.hosting.ovh.net\/wp-content\/uploads\/2022\/06\/IMG_20220520_103153-1152x1536.jpg 1152w, http:\/\/orasetz.cluster029.hosting.ovh.net\/wp-content\/uploads\/2022\/06\/IMG_20220520_103153-1536x2048.jpg 1536w, http:\/\/orasetz.cluster029.hosting.ovh.net\/wp-content\/uploads\/2022\/06\/IMG_20220520_103153-scaled.jpg 1920w\" sizes=\"auto, (max-width: 225px) 100vw, 225px\" \/><\/a><\/figure>\n\n\n\n<figure class=\"wp-block-image size-medium\"><a href=\"http:\/\/orasetz.cluster029.hosting.ovh.net\/index.php\/galerie-photo\/img_20220520_103021\/\"><img loading=\"lazy\" decoding=\"async\" width=\"225\" height=\"300\" data-id=\"145\" src=\"http:\/\/orasetz.cluster029.hosting.ovh.net\/wp-content\/uploads\/2022\/06\/IMG_20220520_103021-225x300.jpg\" alt=\"\" class=\"wp-image-145\" srcset=\"http:\/\/orasetz.cluster029.hosting.ovh.net\/wp-content\/uploads\/2022\/06\/IMG_20220520_103021-225x300.jpg 225w, http:\/\/orasetz.cluster029.hosting.ovh.net\/wp-content\/uploads\/2022\/06\/IMG_20220520_103021-768x1024.jpg 768w, http:\/\/orasetz.cluster029.hosting.ovh.net\/wp-content\/uploads\/2022\/06\/IMG_20220520_103021-1152x1536.jpg 1152w, http:\/\/orasetz.cluster029.hosting.ovh.net\/wp-content\/uploads\/2022\/06\/IMG_20220520_103021-1536x2048.jpg 1536w, http:\/\/orasetz.cluster029.hosting.ovh.net\/wp-content\/uploads\/2022\/06\/IMG_20220520_103021-scaled.jpg 1920w\" sizes=\"auto, (max-width: 225px) 100vw, 225px\" \/><\/a><\/figure>\n\n\n\n<figure class=\"wp-block-image size-medium\"><a href=\"http:\/\/orasetz.cluster029.hosting.ovh.net\/index.php\/bijoux\/exif_jpeg_420-27\/\"><img loading=\"lazy\" decoding=\"async\" width=\"2560\" height=\"1920\" data-id=\"336\" src=\"http:\/\/orasetz.cluster029.hosting.ovh.net\/wp-content\/uploads\/2022\/07\/IMG_20220710_190135658-scaled.jpg\" alt=\"\" class=\"wp-image-336\" srcset=\"http:\/\/orasetz.cluster029.hosting.ovh.net\/wp-content\/uploads\/2022\/07\/IMG_20220710_190135658-scaled.jpg 2560w, http:\/\/orasetz.cluster029.hosting.ovh.net\/wp-content\/uploads\/2022\/07\/IMG_20220710_190135658-300x225.jpg 300w, http:\/\/orasetz.cluster029.hosting.ovh.net\/wp-content\/uploads\/2022\/07\/IMG_20220710_190135658-1024x768.jpg 1024w, http:\/\/orasetz.cluster029.hosting.ovh.net\/wp-content\/uploads\/2022\/07\/IMG_20220710_190135658-768x576.jpg 768w, http:\/\/orasetz.cluster029.hosting.ovh.net\/wp-content\/uploads\/2022\/07\/IMG_20220710_190135658-1536x1152.jpg 1536w, http:\/\/orasetz.cluster029.hosting.ovh.net\/wp-content\/uploads\/2022\/07\/IMG_20220710_190135658-2048x1536.jpg 2048w\" sizes=\"auto, (max-width: 2560px) 100vw, 2560px\" \/><\/a><figcaption class=\"wp-element-caption\">Exif_JPEG_420<\/figcaption><\/figure>\n\n\n\n<figure class=\"wp-block-image size-medium\"><a href=\"http:\/\/orasetz.cluster029.hosting.ovh.net\/index.php\/bijoux\/exif_jpeg_420-28\/\"><img loading=\"lazy\" decoding=\"async\" width=\"2560\" height=\"1920\" data-id=\"337\" src=\"http:\/\/orasetz.cluster029.hosting.ovh.net\/wp-content\/uploads\/2022\/07\/IMG_20220710_190034409-scaled.jpg\" alt=\"\" class=\"wp-image-337\" srcset=\"http:\/\/orasetz.cluster029.hosting.ovh.net\/wp-content\/uploads\/2022\/07\/IMG_20220710_190034409-scaled.jpg 2560w, http:\/\/orasetz.cluster029.hosting.ovh.net\/wp-content\/uploads\/2022\/07\/IMG_20220710_190034409-300x225.jpg 300w, http:\/\/orasetz.cluster029.hosting.ovh.net\/wp-content\/uploads\/2022\/07\/IMG_20220710_190034409-1024x768.jpg 1024w, http:\/\/orasetz.cluster029.hosting.ovh.net\/wp-content\/uploads\/2022\/07\/IMG_20220710_190034409-768x576.jpg 768w, http:\/\/orasetz.cluster029.hosting.ovh.net\/wp-content\/uploads\/2022\/07\/IMG_20220710_190034409-1536x1152.jpg 1536w, http:\/\/orasetz.cluster029.hosting.ovh.net\/wp-content\/uploads\/2022\/07\/IMG_20220710_190034409-2048x1536.jpg 2048w\" sizes=\"auto, (max-width: 2560px) 100vw, 2560px\" \/><\/a><figcaption class=\"wp-element-caption\">Exif_JPEG_420<\/figcaption><\/figure>\n\n\n\n<figure class=\"wp-block-image size-medium\"><a href=\"http:\/\/orasetz.cluster029.hosting.ovh.net\/index.php\/bijoux\/exif_jpeg_420-35\/\"><img loading=\"lazy\" decoding=\"async\" width=\"1784\" height=\"652\" data-id=\"344\" src=\"http:\/\/orasetz.cluster029.hosting.ovh.net\/wp-content\/uploads\/2022\/07\/bijoux2.jpg\" alt=\"\" class=\"wp-image-344\" srcset=\"http:\/\/orasetz.cluster029.hosting.ovh.net\/wp-content\/uploads\/2022\/07\/bijoux2.jpg 1784w, http:\/\/orasetz.cluster029.hosting.ovh.net\/wp-content\/uploads\/2022\/07\/bijoux2-300x110.jpg 300w, http:\/\/orasetz.cluster029.hosting.ovh.net\/wp-content\/uploads\/2022\/07\/bijoux2-1024x374.jpg 1024w, http:\/\/orasetz.cluster029.hosting.ovh.net\/wp-content\/uploads\/2022\/07\/bijoux2-768x281.jpg 768w, http:\/\/orasetz.cluster029.hosting.ovh.net\/wp-content\/uploads\/2022\/07\/bijoux2-1536x561.jpg 1536w\" sizes=\"auto, (max-width: 1784px) 100vw, 1784px\" \/><\/a><figcaption class=\"wp-element-caption\">Exif_JPEG_420<\/figcaption><\/figure>\n\n\n\n<figure class=\"wp-block-image size-medium\"><a href=\"http:\/\/orasetz.cluster029.hosting.ovh.net\/index.php\/objets-utilitaires\/exif_jpeg_420-23\/\"><img loading=\"lazy\" decoding=\"async\" width=\"2560\" height=\"1920\" data-id=\"356\" src=\"http:\/\/orasetz.cluster029.hosting.ovh.net\/wp-content\/uploads\/2022\/07\/IMG_20211221_190003532-edited-scaled.jpg\" alt=\"\" class=\"wp-image-356\" srcset=\"http:\/\/orasetz.cluster029.hosting.ovh.net\/wp-content\/uploads\/2022\/07\/IMG_20211221_190003532-edited-scaled.jpg 2560w, http:\/\/orasetz.cluster029.hosting.ovh.net\/wp-content\/uploads\/2022\/07\/IMG_20211221_190003532-edited-300x225.jpg 300w, http:\/\/orasetz.cluster029.hosting.ovh.net\/wp-content\/uploads\/2022\/07\/IMG_20211221_190003532-edited-1024x768.jpg 1024w, http:\/\/orasetz.cluster029.hosting.ovh.net\/wp-content\/uploads\/2022\/07\/IMG_20211221_190003532-edited-768x576.jpg 768w, http:\/\/orasetz.cluster029.hosting.ovh.net\/wp-content\/uploads\/2022\/07\/IMG_20211221_190003532-edited-1536x1152.jpg 1536w, http:\/\/orasetz.cluster029.hosting.ovh.net\/wp-content\/uploads\/2022\/07\/IMG_20211221_190003532-edited-2048x1536.jpg 2048w\" sizes=\"auto, (max-width: 2560px) 100vw, 2560px\" \/><\/a><figcaption class=\"wp-element-caption\">Boite \u00e0 bijoux, incrustation de verre sur le bouton du couvercle<\/figcaption><\/figure>\n<\/figure>\n","protected":false},"excerpt":{"rendered":"<p>Cliquer sur les photos pour les voir en meilleure qualit\u00e9&#8230;<\/p>\n","protected":false},"author":1,"featured_media":0,"parent":0,"menu_order":0,"comment_status":"closed","ping_status":"closed","template":"","meta":{"footnotes":""},"class_list":["post-172","page","type-page","status-publish","hentry"],"yoast_head":"<!-- This site is optimized with the Yoast SEO plugin v27.5 - https:\/\/yoast.com\/product\/yoast-seo-wordpress\/ -->\n<title>Bijoux - mati\u00e8re et compagnie<\/title>\n<meta name=\"robots\" content=\"index, follow, max-snippet:-1, max-image-preview:large, max-video-preview:-1\" \/>\n<link rel=\"canonical\" href=\"https:\/\/orasetz.cluster029.hosting.ovh.net\/index.php\/bijoux\/\" \/>\n<meta property=\"og:locale\" content=\"fr_FR\" \/>\n<meta property=\"og:type\" content=\"article\" \/>\n<meta property=\"og:title\" content=\"Bijoux - mati\u00e8re et compagnie\" \/>\n<meta property=\"og:description\" content=\"Cliquer sur les photos pour les voir en meilleure qualit\u00e9&#8230;\" \/>\n<meta property=\"og:url\" content=\"https:\/\/orasetz.cluster029.hosting.ovh.net\/index.php\/bijoux\/\" \/>\n<meta property=\"og:site_name\" content=\"mati\u00e8re et compagnie\" \/>\n<meta property=\"article:modified_time\" content=\"2023-03-09T11:13:10+00:00\" \/>\n<meta property=\"og:image\" content=\"http:\/\/orasetz.cluster029.hosting.ovh.net\/wp-content\/uploads\/2022\/07\/bijoux.jpg\" \/>\n<meta name=\"twitter:card\" content=\"summary_large_image\" \/>\n<meta name=\"twitter:label1\" content=\"Dur\u00e9e de lecture estim\u00e9e\" \/>\n\t<meta name=\"twitter:data1\" content=\"2 minutes\" \/>\n<script type=\"application\/ld+json\" class=\"yoast-schema-graph\">{\"@context\":\"https:\\\/\\\/schema.org\",\"@graph\":[{\"@type\":\"WebPage\",\"@id\":\"https:\\\/\\\/orasetz.cluster029.hosting.ovh.net\\\/index.php\\\/bijoux\\\/\",\"url\":\"https:\\\/\\\/orasetz.cluster029.hosting.ovh.net\\\/index.php\\\/bijoux\\\/\",\"name\":\"Bijoux - mati\u00e8re et compagnie\",\"isPartOf\":{\"@id\":\"http:\\\/\\\/orasetz.cluster029.hosting.ovh.net\\\/#website\"},\"primaryImageOfPage\":{\"@id\":\"https:\\\/\\\/orasetz.cluster029.hosting.ovh.net\\\/index.php\\\/bijoux\\\/#primaryimage\"},\"image\":{\"@id\":\"https:\\\/\\\/orasetz.cluster029.hosting.ovh.net\\\/index.php\\\/bijoux\\\/#primaryimage\"},\"thumbnailUrl\":\"http:\\\/\\\/orasetz.cluster029.hosting.ovh.net\\\/wp-content\\\/uploads\\\/2022\\\/07\\\/bijoux.jpg\",\"datePublished\":\"2022-06-28T19:17:54+00:00\",\"dateModified\":\"2023-03-09T11:13:10+00:00\",\"breadcrumb\":{\"@id\":\"https:\\\/\\\/orasetz.cluster029.hosting.ovh.net\\\/index.php\\\/bijoux\\\/#breadcrumb\"},\"inLanguage\":\"fr-FR\",\"potentialAction\":[{\"@type\":\"ReadAction\",\"target\":[\"https:\\\/\\\/orasetz.cluster029.hosting.ovh.net\\\/index.php\\\/bijoux\\\/\"]}]},{\"@type\":\"ImageObject\",\"inLanguage\":\"fr-FR\",\"@id\":\"https:\\\/\\\/orasetz.cluster029.hosting.ovh.net\\\/index.php\\\/bijoux\\\/#primaryimage\",\"url\":\"http:\\\/\\\/orasetz.cluster029.hosting.ovh.net\\\/wp-content\\\/uploads\\\/2022\\\/07\\\/bijoux.jpg\",\"contentUrl\":\"http:\\\/\\\/orasetz.cluster029.hosting.ovh.net\\\/wp-content\\\/uploads\\\/2022\\\/07\\\/bijoux.jpg\",\"width\":1180,\"height\":1020,\"caption\":\"Exif_JPEG_420\"},{\"@type\":\"BreadcrumbList\",\"@id\":\"https:\\\/\\\/orasetz.cluster029.hosting.ovh.net\\\/index.php\\\/bijoux\\\/#breadcrumb\",\"itemListElement\":[{\"@type\":\"ListItem\",\"position\":1,\"name\":\"Accueil\",\"item\":\"http:\\\/\\\/orasetz.cluster029.hosting.ovh.net\\\/\"},{\"@type\":\"ListItem\",\"position\":2,\"name\":\"Bijoux\"}]},{\"@type\":\"WebSite\",\"@id\":\"http:\\\/\\\/orasetz.cluster029.hosting.ovh.net\\\/#website\",\"url\":\"http:\\\/\\\/orasetz.cluster029.hosting.ovh.net\\\/\",\"name\":\"mati\u00e8re et compagnie\",\"description\":\"Cr\u00e9ation d&#039;objets en c\u00e9ramique, en bois, en m\u00e9tal\",\"publisher\":{\"@id\":\"http:\\\/\\\/orasetz.cluster029.hosting.ovh.net\\\/#organization\"},\"potentialAction\":[{\"@type\":\"SearchAction\",\"target\":{\"@type\":\"EntryPoint\",\"urlTemplate\":\"http:\\\/\\\/orasetz.cluster029.hosting.ovh.net\\\/?s={search_term_string}\"},\"query-input\":{\"@type\":\"PropertyValueSpecification\",\"valueRequired\":true,\"valueName\":\"search_term_string\"}}],\"inLanguage\":\"fr-FR\"},{\"@type\":\"Organization\",\"@id\":\"http:\\\/\\\/orasetz.cluster029.hosting.ovh.net\\\/#organization\",\"name\":\"Mati\u00e8re et compagnie\",\"url\":\"http:\\\/\\\/orasetz.cluster029.hosting.ovh.net\\\/\",\"logo\":{\"@type\":\"ImageObject\",\"inLanguage\":\"fr-FR\",\"@id\":\"http:\\\/\\\/orasetz.cluster029.hosting.ovh.net\\\/#\\\/schema\\\/logo\\\/image\\\/\",\"url\":\"http:\\\/\\\/orasetz.cluster029.hosting.ovh.net\\\/wp-content\\\/uploads\\\/2022\\\/06\\\/logo-matiere-co-gris.png\",\"contentUrl\":\"http:\\\/\\\/orasetz.cluster029.hosting.ovh.net\\\/wp-content\\\/uploads\\\/2022\\\/06\\\/logo-matiere-co-gris.png\",\"width\":532,\"height\":831,\"caption\":\"Mati\u00e8re et compagnie\"},\"image\":{\"@id\":\"http:\\\/\\\/orasetz.cluster029.hosting.ovh.net\\\/#\\\/schema\\\/logo\\\/image\\\/\"},\"sameAs\":[\"https:\\\/\\\/www.instagram.com\\\/fabien.more\\\/\"]}]}<\/script>\n<!-- \/ Yoast SEO plugin. -->","yoast_head_json":{"title":"Bijoux - mati\u00e8re et compagnie","robots":{"index":"index","follow":"follow","max-snippet":"max-snippet:-1","max-image-preview":"max-image-preview:large","max-video-preview":"max-video-preview:-1"},"canonical":"https:\/\/orasetz.cluster029.hosting.ovh.net\/index.php\/bijoux\/","og_locale":"fr_FR","og_type":"article","og_title":"Bijoux - mati\u00e8re et compagnie","og_description":"Cliquer sur les photos pour les voir en meilleure qualit\u00e9&#8230;","og_url":"https:\/\/orasetz.cluster029.hosting.ovh.net\/index.php\/bijoux\/","og_site_name":"mati\u00e8re et compagnie","article_modified_time":"2023-03-09T11:13:10+00:00","og_image":[{"url":"http:\/\/orasetz.cluster029.hosting.ovh.net\/wp-content\/uploads\/2022\/07\/bijoux.jpg","type":"","width":"","height":""}],"twitter_card":"summary_large_image","twitter_misc":{"Dur\u00e9e de lecture estim\u00e9e":"2 minutes"},"schema":{"@context":"https:\/\/schema.org","@graph":[{"@type":"WebPage","@id":"https:\/\/orasetz.cluster029.hosting.ovh.net\/index.php\/bijoux\/","url":"https:\/\/orasetz.cluster029.hosting.ovh.net\/index.php\/bijoux\/","name":"Bijoux - mati\u00e8re et compagnie","isPartOf":{"@id":"http:\/\/orasetz.cluster029.hosting.ovh.net\/#website"},"primaryImageOfPage":{"@id":"https:\/\/orasetz.cluster029.hosting.ovh.net\/index.php\/bijoux\/#primaryimage"},"image":{"@id":"https:\/\/orasetz.cluster029.hosting.ovh.net\/index.php\/bijoux\/#primaryimage"},"thumbnailUrl":"http:\/\/orasetz.cluster029.hosting.ovh.net\/wp-content\/uploads\/2022\/07\/bijoux.jpg","datePublished":"2022-06-28T19:17:54+00:00","dateModified":"2023-03-09T11:13:10+00:00","breadcrumb":{"@id":"https:\/\/orasetz.cluster029.hosting.ovh.net\/index.php\/bijoux\/#breadcrumb"},"inLanguage":"fr-FR","potentialAction":[{"@type":"ReadAction","target":["https:\/\/orasetz.cluster029.hosting.ovh.net\/index.php\/bijoux\/"]}]},{"@type":"ImageObject","inLanguage":"fr-FR","@id":"https:\/\/orasetz.cluster029.hosting.ovh.net\/index.php\/bijoux\/#primaryimage","url":"http:\/\/orasetz.cluster029.hosting.ovh.net\/wp-content\/uploads\/2022\/07\/bijoux.jpg","contentUrl":"http:\/\/orasetz.cluster029.hosting.ovh.net\/wp-content\/uploads\/2022\/07\/bijoux.jpg","width":1180,"height":1020,"caption":"Exif_JPEG_420"},{"@type":"BreadcrumbList","@id":"https:\/\/orasetz.cluster029.hosting.ovh.net\/index.php\/bijoux\/#breadcrumb","itemListElement":[{"@type":"ListItem","position":1,"name":"Accueil","item":"http:\/\/orasetz.cluster029.hosting.ovh.net\/"},{"@type":"ListItem","position":2,"name":"Bijoux"}]},{"@type":"WebSite","@id":"http:\/\/orasetz.cluster029.hosting.ovh.net\/#website","url":"http:\/\/orasetz.cluster029.hosting.ovh.net\/","name":"mati\u00e8re et compagnie","description":"Cr\u00e9ation d&#039;objets en c\u00e9ramique, en bois, en m\u00e9tal","publisher":{"@id":"http:\/\/orasetz.cluster029.hosting.ovh.net\/#organization"},"potentialAction":[{"@type":"SearchAction","target":{"@type":"EntryPoint","urlTemplate":"http:\/\/orasetz.cluster029.hosting.ovh.net\/?s={search_term_string}"},"query-input":{"@type":"PropertyValueSpecification","valueRequired":true,"valueName":"search_term_string"}}],"inLanguage":"fr-FR"},{"@type":"Organization","@id":"http:\/\/orasetz.cluster029.hosting.ovh.net\/#organization","name":"Mati\u00e8re et compagnie","url":"http:\/\/orasetz.cluster029.hosting.ovh.net\/","logo":{"@type":"ImageObject","inLanguage":"fr-FR","@id":"http:\/\/orasetz.cluster029.hosting.ovh.net\/#\/schema\/logo\/image\/","url":"http:\/\/orasetz.cluster029.hosting.ovh.net\/wp-content\/uploads\/2022\/06\/logo-matiere-co-gris.png","contentUrl":"http:\/\/orasetz.cluster029.hosting.ovh.net\/wp-content\/uploads\/2022\/06\/logo-matiere-co-gris.png","width":532,"height":831,"caption":"Mati\u00e8re et compagnie"},"image":{"@id":"http:\/\/orasetz.cluster029.hosting.ovh.net\/#\/schema\/logo\/image\/"},"sameAs":["https:\/\/www.instagram.com\/fabien.more\/"]}]}},"_links":{"self":[{"href":"http:\/\/orasetz.cluster029.hosting.ovh.net\/index.php\/wp-json\/wp\/v2\/pages\/172","targetHints":{"allow":["GET"]}}],"collection":[{"href":"http:\/\/orasetz.cluster029.hosting.ovh.net\/index.php\/wp-json\/wp\/v2\/pages"}],"about":[{"href":"http:\/\/orasetz.cluster029.hosting.ovh.net\/index.php\/wp-json\/wp\/v2\/types\/page"}],"author":[{"embeddable":true,"href":"http:\/\/orasetz.cluster029.hosting.ovh.net\/index.php\/wp-json\/wp\/v2\/users\/1"}],"replies":[{"embeddable":true,"href":"http:\/\/orasetz.cluster029.hosting.ovh.net\/index.php\/wp-json\/wp\/v2\/comments?post=172"}],"version-history":[{"count":6,"href":"http:\/\/orasetz.cluster029.hosting.ovh.net\/index.php\/wp-json\/wp\/v2\/pages\/172\/revisions"}],"predecessor-version":[{"id":388,"href":"http:\/\/orasetz.cluster029.hosting.ovh.net\/index.php\/wp-json\/wp\/v2\/pages\/172\/revisions\/388"}],"wp:attachment":[{"href":"http:\/\/orasetz.cluster029.hosting.ovh.net\/index.php\/wp-json\/wp\/v2\/media?parent=172"}],"curies":[{"name":"wp","href":"https:\/\/api.w.org\/{rel}","templated":true}]}}