{"id":61,"date":"2022-06-23T20:52:55","date_gmt":"2022-06-23T18:52:55","guid":{"rendered":"http:\/\/orasetz.cluster029.hosting.ovh.net\/index.php\/home\/"},"modified":"2022-06-23T20:52:55","modified_gmt":"2022-06-23T18:52:55","slug":"home","status":"publish","type":"page","link":"http:\/\/orasetz.cluster029.hosting.ovh.net\/","title":{"rendered":"Home"},"content":{"rendered":"","protected":false},"excerpt":{"rendered":"","protected":false},"author":1,"featured_media":0,"parent":0,"menu_order":0,"comment_status":"closed","ping_status":"closed","template":"templates\/template-homepage-one.php","meta":{"footnotes":""},"class_list":["post-61","page","type-page","status-publish","hentry"],"yoast_head":"<!-- This site is optimized with the Yoast SEO plugin v27.5 - https:\/\/yoast.com\/product\/yoast-seo-wordpress\/ -->\n<title>Home - mati\u00e8re et compagnie<\/title>\n<meta name=\"robots\" content=\"index, follow, max-snippet:-1, max-image-preview:large, max-video-preview:-1\" \/>\n<link rel=\"canonical\" href=\"http:\/\/orasetz.cluster029.hosting.ovh.net\/\" \/>\n<meta property=\"og:locale\" content=\"fr_FR\" \/>\n<meta property=\"og:type\" content=\"article\" \/>\n<meta property=\"og:title\" content=\"Home - mati\u00e8re et compagnie\" \/>\n<meta property=\"og:url\" content=\"http:\/\/orasetz.cluster029.hosting.ovh.net\/\" \/>\n<meta property=\"og:site_name\" content=\"mati\u00e8re et compagnie\" \/>\n<meta name=\"twitter:card\" content=\"summary_large_image\" \/>\n<script type=\"application\/ld+json\" class=\"yoast-schema-graph\">{\"@context\":\"https:\\\/\\\/schema.org\",\"@graph\":[{\"@type\":\"WebPage\",\"@id\":\"http:\\\/\\\/orasetz.cluster029.hosting.ovh.net\\\/\",\"url\":\"http:\\\/\\\/orasetz.cluster029.hosting.ovh.net\\\/\",\"name\":\"Home - mati\u00e8re et compagnie\",\"isPartOf\":{\"@id\":\"http:\\\/\\\/orasetz.cluster029.hosting.ovh.net\\\/#website\"},\"datePublished\":\"2022-06-23T18:52:55+00:00\",\"breadcrumb\":{\"@id\":\"http:\\\/\\\/orasetz.cluster029.hosting.ovh.net\\\/#breadcrumb\"},\"inLanguage\":\"fr-FR\",\"potentialAction\":[{\"@type\":\"ReadAction\",\"target\":[\"http:\\\/\\\/orasetz.cluster029.hosting.ovh.net\\\/\"]}]},{\"@type\":\"BreadcrumbList\",\"@id\":\"http:\\\/\\\/orasetz.cluster029.hosting.ovh.net\\\/#breadcrumb\",\"itemListElement\":[{\"@type\":\"ListItem\",\"position\":1,\"name\":\"Accueil\",\"item\":\"http:\\\/\\\/orasetz.cluster029.hosting.ovh.net\\\/\"},{\"@type\":\"ListItem\",\"position\":2,\"name\":\"Home\"}]},{\"@type\":\"WebSite\",\"@id\":\"http:\\\/\\\/orasetz.cluster029.hosting.ovh.net\\\/#website\",\"url\":\"http:\\\/\\\/orasetz.cluster029.hosting.ovh.net\\\/\",\"name\":\"mati\u00e8re et compagnie\",\"description\":\"Cr\u00e9ation d&#039;objets en c\u00e9ramique, en bois, en m\u00e9tal\",\"publisher\":{\"@id\":\"http:\\\/\\\/orasetz.cluster029.hosting.ovh.net\\\/#organization\"},\"potentialAction\":[{\"@type\":\"SearchAction\",\"target\":{\"@type\":\"EntryPoint\",\"urlTemplate\":\"http:\\\/\\\/orasetz.cluster029.hosting.ovh.net\\\/?s={search_term_string}\"},\"query-input\":{\"@type\":\"PropertyValueSpecification\",\"valueRequired\":true,\"valueName\":\"search_term_string\"}}],\"inLanguage\":\"fr-FR\"},{\"@type\":\"Organization\",\"@id\":\"http:\\\/\\\/orasetz.cluster029.hosting.ovh.net\\\/#organization\",\"name\":\"Mati\u00e8re et compagnie\",\"url\":\"http:\\\/\\\/orasetz.cluster029.hosting.ovh.net\\\/\",\"logo\":{\"@type\":\"ImageObject\",\"inLanguage\":\"fr-FR\",\"@id\":\"http:\\\/\\\/orasetz.cluster029.hosting.ovh.net\\\/#\\\/schema\\\/logo\\\/image\\\/\",\"url\":\"http:\\\/\\\/orasetz.cluster029.hosting.ovh.net\\\/wp-content\\\/uploads\\\/2022\\\/06\\\/logo-matiere-co-gris.png\",\"contentUrl\":\"http:\\\/\\\/orasetz.cluster029.hosting.ovh.net\\\/wp-content\\\/uploads\\\/2022\\\/06\\\/logo-matiere-co-gris.png\",\"width\":532,\"height\":831,\"caption\":\"Mati\u00e8re et compagnie\"},\"image\":{\"@id\":\"http:\\\/\\\/orasetz.cluster029.hosting.ovh.net\\\/#\\\/schema\\\/logo\\\/image\\\/\"},\"sameAs\":[\"https:\\\/\\\/www.instagram.com\\\/fabien.more\\\/\"]}]}<\/script>\n<!-- \/ Yoast SEO plugin. -->","yoast_head_json":{"title":"Home - mati\u00e8re et compagnie","robots":{"index":"index","follow":"follow","max-snippet":"max-snippet:-1","max-image-preview":"max-image-preview:large","max-video-preview":"max-video-preview:-1"},"canonical":"http:\/\/orasetz.cluster029.hosting.ovh.net\/","og_locale":"fr_FR","og_type":"article","og_title":"Home - mati\u00e8re et compagnie","og_url":"http:\/\/orasetz.cluster029.hosting.ovh.net\/","og_site_name":"mati\u00e8re et compagnie","twitter_card":"summary_large_image","schema":{"@context":"https:\/\/schema.org","@graph":[{"@type":"WebPage","@id":"http:\/\/orasetz.cluster029.hosting.ovh.net\/","url":"http:\/\/orasetz.cluster029.hosting.ovh.net\/","name":"Home - mati\u00e8re et compagnie","isPartOf":{"@id":"http:\/\/orasetz.cluster029.hosting.ovh.net\/#website"},"datePublished":"2022-06-23T18:52:55+00:00","breadcrumb":{"@id":"http:\/\/orasetz.cluster029.hosting.ovh.net\/#breadcrumb"},"inLanguage":"fr-FR","potentialAction":[{"@type":"ReadAction","target":["http:\/\/orasetz.cluster029.hosting.ovh.net\/"]}]},{"@type":"BreadcrumbList","@id":"http:\/\/orasetz.cluster029.hosting.ovh.net\/#breadcrumb","itemListElement":[{"@type":"ListItem","position":1,"name":"Accueil","item":"http:\/\/orasetz.cluster029.hosting.ovh.net\/"},{"@type":"ListItem","position":2,"name":"Home"}]},{"@type":"WebSite","@id":"http:\/\/orasetz.cluster029.hosting.ovh.net\/#website","url":"http:\/\/orasetz.cluster029.hosting.ovh.net\/","name":"mati\u00e8re et compagnie","description":"Cr\u00e9ation d&#039;objets en c\u00e9ramique, en bois, en m\u00e9tal","publisher":{"@id":"http:\/\/orasetz.cluster029.hosting.ovh.net\/#organization"},"potentialAction":[{"@type":"SearchAction","target":{"@type":"EntryPoint","urlTemplate":"http:\/\/orasetz.cluster029.hosting.ovh.net\/?s={search_term_string}"},"query-input":{"@type":"PropertyValueSpecification","valueRequired":true,"valueName":"search_term_string"}}],"inLanguage":"fr-FR"},{"@type":"Organization","@id":"http:\/\/orasetz.cluster029.hosting.ovh.net\/#organization","name":"Mati\u00e8re et compagnie","url":"http:\/\/orasetz.cluster029.hosting.ovh.net\/","logo":{"@type":"ImageObject","inLanguage":"fr-FR","@id":"http:\/\/orasetz.cluster029.hosting.ovh.net\/#\/schema\/logo\/image\/","url":"http:\/\/orasetz.cluster029.hosting.ovh.net\/wp-content\/uploads\/2022\/06\/logo-matiere-co-gris.png","contentUrl":"http:\/\/orasetz.cluster029.hosting.ovh.net\/wp-content\/uploads\/2022\/06\/logo-matiere-co-gris.png","width":532,"height":831,"caption":"Mati\u00e8re et compagnie"},"image":{"@id":"http:\/\/orasetz.cluster029.hosting.ovh.net\/#\/schema\/logo\/image\/"},"sameAs":["https:\/\/www.instagram.com\/fabien.more\/"]}]}},"_links":{"self":[{"href":"http:\/\/orasetz.cluster029.hosting.ovh.net\/index.php\/wp-json\/wp\/v2\/pages\/61","targetHints":{"allow":["GET"]}}],"collection":[{"href":"http:\/\/orasetz.cluster029.hosting.ovh.net\/index.php\/wp-json\/wp\/v2\/pages"}],"about":[{"href":"http:\/\/orasetz.cluster029.hosting.ovh.net\/index.php\/wp-json\/wp\/v2\/types\/page"}],"author":[{"embeddable":true,"href":"http:\/\/orasetz.cluster029.hosting.ovh.net\/index.php\/wp-json\/wp\/v2\/users\/1"}],"replies":[{"embeddable":true,"href":"http:\/\/orasetz.cluster029.hosting.ovh.net\/index.php\/wp-json\/wp\/v2\/comments?post=61"}],"version-history":[{"count":0,"href":"http:\/\/orasetz.cluster029.hosting.ovh.net\/index.php\/wp-json\/wp\/v2\/pages\/61\/revisions"}],"wp:attachment":[{"href":"http:\/\/orasetz.cluster029.hosting.ovh.net\/index.php\/wp-json\/wp\/v2\/media?parent=61"}],"curies":[{"name":"wp","href":"https:\/\/api.w.org\/{rel}","templated":true}]}}